{"id":88,"date":"2024-05-13T06:31:16","date_gmt":"2024-05-13T04:31:16","guid":{"rendered":"https:\/\/pepo-penzkofer-bau.de\/?page_id=88"},"modified":"2026-04-23T14:06:21","modified_gmt":"2026-04-23T12:06:21","slug":"anmeldung","status":"publish","type":"page","link":"https:\/\/sturm-feuerschutz.com\/","title":{"rendered":"Anmeldung"},"content":{"rendered":"<p>[et_pb_section fb_built=&#8220;1&#8243; admin_label=&#8220;Sektion&#8220; _builder_version=&#8220;4.23&#8243; _module_preset=&#8220;default&#8220; background_color=&#8220;RGBA(255,255,255,0)&#8220; width=&#8220;100%&#8220; max_width=&#8220;100%&#8220; min_height=&#8220;1084px&#8220; custom_margin=&#8220;-46px||-3px||false|false&#8220; custom_padding=&#8220;||23px|||&#8220; global_colors_info=&#8220;{}&#8220;][et_pb_row column_structure=&#8220;1_2,1_2&#8243; _builder_version=&#8220;4.23&#8243; _module_preset=&#8220;default&#8220; min_height=&#8220;138.7px&#8220; custom_margin=&#8220;-92px||||false|false&#8220; custom_padding=&#8220;0px||0px||false|false&#8220; global_colors_info=&#8220;{}&#8220;][et_pb_column type=&#8220;1_2&#8243; _builder_version=&#8220;4.23&#8243; _module_preset=&#8220;default&#8220; global_colors_info=&#8220;{}&#8220;][et_pb_image src=&#8220;https:\/\/sturm-feuerschutz.com\/wp-content\/uploads\/2026\/04\/Logo.png&#8220; title_text=&#8220;Logo&#8220; show_bottom_space=&#8220;off&#8220; align=&#8220;right&#8220; _builder_version=&#8220;4.23&#8243; _module_preset=&#8220;default&#8220; width=&#8220;23.5%&#8220; min_height=&#8220;135.8px&#8220; height=&#8220;100px&#8220; custom_margin=&#8220;98px|-441px|||false|false&#8220; custom_padding=&#8220;12px||0px|0px||&#8220; global_colors_info=&#8220;{}&#8220;][\/et_pb_image][\/et_pb_column][et_pb_column type=&#8220;1_2&#8243; _builder_version=&#8220;4.23&#8243; _module_preset=&#8220;default&#8220; global_colors_info=&#8220;{}&#8220;][\/et_pb_column][\/et_pb_row][et_pb_row column_structure=&#8220;1_4,3_4&#8243; _builder_version=&#8220;4.23&#8243; _module_preset=&#8220;default&#8220; global_colors_info=&#8220;{}&#8220;][et_pb_column type=&#8220;1_4&#8243; _builder_version=&#8220;4.23&#8243; _module_preset=&#8220;default&#8220; global_colors_info=&#8220;{}&#8220;][et_pb_image src=&#8220;https:\/\/sturm-feuerschutz.com\/wp-content\/uploads\/2026\/04\/Screenshot-2026-04-23-114830.png&#8220; title_text=&#8220;Screenshot 2026-04-23 114830&#8243; _builder_version=&#8220;4.23&#8243; _module_preset=&#8220;default&#8220; custom_margin=&#8220;-94px||24px|-47px|false|false&#8220; custom_padding=&#8220;2px|||4px|false|false&#8220; global_colors_info=&#8220;{}&#8220;][\/et_pb_image][\/et_pb_column][et_pb_column type=&#8220;3_4&#8243; _builder_version=&#8220;4.23&#8243; _module_preset=&#8220;default&#8220; global_colors_info=&#8220;{}&#8220;][\/et_pb_column][\/et_pb_row][et_pb_row column_structure=&#8220;1_4,1_2,1_4&#8243; _builder_version=&#8220;4.23&#8243; _module_preset=&#8220;default&#8220; custom_padding=&#8220;|0px||||&#8220; global_colors_info=&#8220;{}&#8220;][et_pb_column type=&#8220;1_4&#8243; _builder_version=&#8220;4.23&#8243; _module_preset=&#8220;default&#8220; global_colors_info=&#8220;{}&#8220;][\/et_pb_column][et_pb_column type=&#8220;1_2&#8243; _builder_version=&#8220;4.23&#8243; _module_preset=&#8220;default&#8220; global_colors_info=&#8220;{}&#8220;][et_pb_heading title=&#8220;Anmeldung&#8220; _builder_version=&#8220;4.23&#8243; _module_preset=&#8220;default&#8220; title_font=&#8220;Arial||||||||&#8220; title_text_align=&#8220;right&#8220; title_text_color=&#8220;#E02B20&#8243; title_font_size=&#8220;50px&#8220; width=&#8220;61%&#8220; min_height=&#8220;90px&#8220; custom_margin=&#8220;11px||||false|false&#8220; custom_padding=&#8220;0px|||||&#8220; global_colors_info=&#8220;{}&#8220;][\/et_pb_heading][et_pb_text _builder_version=&#8220;4.23&#8243; _module_preset=&#8220;default&#8220; width=&#8220;94.1%&#8220; min_height=&#8220;75.2px&#8220; custom_padding=&#8220;||39px|||&#8220; global_colors_info=&#8220;{}&#8220;]<\/p>\n<p style=\"text-align: center;\">Dieses Jahr planen wir einen &#8222;etwas anderen&#8220; Betriebsausflug &#8211; lasst euch \u00fcberraschen!<\/p>\n<p style=\"text-align: center;\">Termin: Ein Freitag im Oktober.<\/p>\n<p>[\/et_pb_text][et_pb_text _builder_version=&#8220;4.23&#8243; _module_preset=&#8220;default&#8220; width=&#8220;87%&#8220; min_height=&#8220;100px&#8220; height=&#8220;100px&#8220; max_height=&#8220;325px&#8220; custom_padding=&#8220;17px||136px||false|false&#8220; global_colors_info=&#8220;{}&#8220;]<\/p>\n<p style=\"text-align: center;\">Damit wir alles planen k\u00f6nnen, brauchen wir bitte bis sp\u00e4testens<\/p>\n<p style=\"text-align: center;\"><strong><span style=\"font-size: large;\">10.05.2026<\/span><\/strong> Eure R\u00fcckmeldung, ob ihr dabei seid.<\/p>\n<p style=\"text-align: center;\">\u00a0Meldet Euch hier mit Eurem Firmenaccount an.<\/p>\n<p>[\/et_pb_text][\/et_pb_column][et_pb_column type=&#8220;1_4&#8243; _builder_version=&#8220;4.23&#8243; _module_preset=&#8220;default&#8220; global_colors_info=&#8220;{}&#8220;][\/et_pb_column][\/et_pb_row][et_pb_row column_structure=&#8220;1_4,3_4&#8243; _builder_version=&#8220;4.23&#8243; _module_preset=&#8220;default&#8220; width=&#8220;100%&#8220; max_width=&#8220;2087px&#8220; module_alignment=&#8220;left&#8220; min_height=&#8220;893px&#8220; max_height=&#8220;1000px&#8220; custom_margin=&#8220;|auto|-75px|auto||&#8220; custom_padding=&#8220;0px|||||&#8220; global_colors_info=&#8220;{}&#8220;][et_pb_column type=&#8220;1_4&#8243; _builder_version=&#8220;4.23&#8243; _module_preset=&#8220;default&#8220; global_colors_info=&#8220;{}&#8220;][\/et_pb_column][et_pb_column type=&#8220;3_4&#8243; _builder_version=&#8220;4.23&#8243; _module_preset=&#8220;default&#8220; global_colors_info=&#8220;{}&#8220;][et_pb_image src=&#8220;https:\/\/sturm-feuerschutz.com\/wp-content\/uploads\/2026\/04\/Linie.png&#8220; title_text=&#8220;Linie&#8220; disabled_on=&#8220;off|off|off&#8220; _builder_version=&#8220;4.23&#8243; _module_preset=&#8220;default&#8220; width=&#8220;100%&#8220; max_width=&#8220;100%&#8220; min_height=&#8220;110px&#8220; height=&#8220;838px&#8220; custom_margin=&#8220;-410px||-484px|-316px|false|false&#8220; custom_padding=&#8220;0px|1011px|0px|21px|false|false&#8220; global_colors_info=&#8220;{}&#8220;][\/et_pb_image][et_pb_code _builder_version=&#8220;4.23&#8243; _module_preset=&#8220;default&#8220; background_color=&#8220;#e6392f&#8220; text_orientation=&#8220;center&#8220; width=&#8220;59.8%&#8220; max_width=&#8220;85%&#8220; module_alignment=&#8220;left&#8220; min_height=&#8220;234px&#8220; height=&#8220;100px&#8220; custom_margin=&#8220;-423px|528px|-90px|4px|false|false&#8220; custom_padding=&#8220;15px||20px|0px|false|false&#8220; border_radii=&#8220;on|10px|10px|10px|10px&#8220; border_width_all=&#8220;4px&#8220; border_color_all=&#8220;#263e4f&#8220; box_shadow_style=&#8220;preset1&#8243; box_shadow_horizontal=&#8220;1px&#8220; box_shadow_vertical=&#8220;1px&#8220; box_shadow_blur=&#8220;14px&#8220; box_shadow_spread=&#8220;2px&#8220; global_colors_info=&#8220;{}&#8220;]\n<div class=\"wpcf7 no-js\" id=\"wpcf7-f180-o1\" lang=\"de-DE\" dir=\"ltr\" data-wpcf7-id=\"180\">\n<div class=\"screen-reader-response\"><p role=\"status\" aria-live=\"polite\" aria-atomic=\"true\"><\/p> <ul><\/ul><\/div>\n<form action=\"\/index.php?rest_route=%2Fwp%2Fv2%2Fpages%2F88#wpcf7-f180-o1\" method=\"post\" class=\"wpcf7-form init\" aria-label=\"Kontaktformular\" novalidate=\"novalidate\" data-status=\"init\">\n<fieldset class=\"hidden-fields-container\"><input type=\"hidden\" name=\"_wpcf7\" value=\"180\" \/><input type=\"hidden\" name=\"_wpcf7_version\" value=\"6.1.5\" \/><input type=\"hidden\" name=\"_wpcf7_locale\" value=\"de_DE\" \/><input type=\"hidden\" name=\"_wpcf7_unit_tag\" value=\"wpcf7-f180-o1\" \/><input type=\"hidden\" name=\"_wpcf7_container_post\" value=\"0\" \/><input type=\"hidden\" name=\"_wpcf7_posted_data_hash\" value=\"\" \/>\n<\/fieldset>\n<p><label> Deine E-Mail-Adresse<br \/>\n<span class=\"wpcf7-form-control-wrap\" data-name=\"your-email\"><input size=\"40\" maxlength=\"400\" class=\"wpcf7-form-control wpcf7-email wpcf7-validates-as-required wpcf7-text wpcf7-validates-as-email\" autocomplete=\"email\" aria-required=\"true\" aria-invalid=\"false\" value=\"\" type=\"email\" name=\"your-email\" \/><\/span> <\/label>\n<\/p>\n<p><label> Passwort<br \/>\n<span class=\"wpcf7-form-control-wrap\" data-name=\"password\"><input size=\"40\" class=\"wpcf7-form-control wpcf7-password wpcf7-validates-as-required wpcf7-text wpcf7-validates-as-password\" password_strength=\"0\" aria-required=\"true\" aria-invalid=\"false\" value=\"\" type=\"password\" name=\"password\" \/><span style=\"position: relative; margin-left: -30px;\"  id=\"buttonEye-password\" class=\"fa fa-eye-slash\" onclick=\"pushHideButton('password')\"><\/span><\/span> <\/label>\n<\/p>\n<p><input class=\"wpcf7-form-control wpcf7-submit has-spinner\" type=\"submit\" value=\"Senden\" \/>\n<\/p><div class=\"wpcf7-response-output\" aria-hidden=\"true\"><\/div>\n<\/form>\n<\/div>\n[\/et_pb_code][\/et_pb_column][\/et_pb_row][\/et_pb_section][et_pb_section fb_built=&#8220;1&#8243; fullwidth=&#8220;on&#8220; _builder_version=&#8220;4.23&#8243; _module_preset=&#8220;default&#8220; custom_margin=&#8220;-224px|||||&#8220; custom_padding=&#8220;30px|||||&#8220; global_colors_info=&#8220;{}&#8220;][et_pb_fullwidth_image src=&#8220;https:\/\/sturm-feuerschutz.com\/wp-content\/uploads\/2026\/04\/Screenshot-2026-04-22-134037.png&#8220; title_text=&#8220;Screenshot 2026-04-22 134037&#8243; _builder_version=&#8220;4.23&#8243; _module_preset=&#8220;default&#8220; custom_margin=&#8220;-222px|||||&#8220; custom_padding=&#8220;0px|||||&#8220; global_colors_info=&#8220;{}&#8220;][\/et_pb_fullwidth_image][\/et_pb_section][et_pb_section fb_built=&#8220;1&#8243; _builder_version=&#8220;4.23&#8243; _module_preset=&#8220;default&#8220; background_color=&#8220;#c63527&#8243; custom_padding=&#8220;0px||41px|||&#8220; global_colors_info=&#8220;{}&#8220;][et_pb_row column_structure=&#8220;1_2,1_2&#8243; _builder_version=&#8220;4.23&#8243; _module_preset=&#8220;default&#8220; custom_margin=&#8220;|auto|101px|auto||&#8220; custom_padding=&#8220;||0px|||&#8220; global_colors_info=&#8220;{}&#8220;][et_pb_column type=&#8220;1_2&#8243; _builder_version=&#8220;4.23&#8243; _module_preset=&#8220;default&#8220; global_colors_info=&#8220;{}&#8220;][et_pb_blurb _builder_version=&#8220;4.23&#8243; _module_preset=&#8220;default&#8220; header_text_color=&#8220;#FFFFFF&#8220; body_text_color=&#8220;#FFFFFF&#8220; custom_margin=&#8220;28px||-62px|||&#8220; custom_padding=&#8220;39px||66px|||&#8220; inline_fonts=&#8220;Verdana&#8220; global_colors_info=&#8220;{}&#8220;]<\/p>\n<h4><span style=\"font-family: Verdana; font-weight: normal; font-size: small;\"><strong><span style=\"color: #ffffff;\">\u00a9 2026 Sturm Feuerschutz GmbH<\/span><\/strong><\/span><\/h4>\n<p>[\/et_pb_blurb][\/et_pb_column][et_pb_column type=&#8220;1_2&#8243; _builder_version=&#8220;4.23&#8243; _module_preset=&#8220;default&#8220; global_colors_info=&#8220;{}&#8220;][et_pb_blurb _builder_version=&#8220;4.23&#8243; _module_preset=&#8220;default&#8220; header_text_color=&#8220;#FFFFFF&#8220; body_text_color=&#8220;#FFFFFF&#8220; custom_margin=&#8220;52px||-62px|||&#8220; custom_padding=&#8220;15px||66px|||&#8220; inline_fonts=&#8220;Verdana&#8220; global_colors_info=&#8220;{}&#8220;]<\/p>\n<h4 style=\"text-align: right;\"><span style=\"font-family: Verdana; font-weight: normal; font-size: small;\"><strong><span style=\"color: #ffffff;\">\u00a0 \u00a0 \u00a0 \u00a0 \u00a0 \u00a0 \u00a0 \u00a0 \u00a0 \u00a0 \u00a0 \u00a0 \u00a0 \u00a0 \u00a0 \u00a0 \u00a0 \u00a0 \u00a0 \u00a0 \u00a0 \u00a0 \u00a0 \u00a0<a href=\"https:\/\/sturm-feuerschutz.de\/impressum\/\">Impressum\u00a0 \u00a0<\/a> <a href=\"https:\/\/sturm-feuerschutz.de\/datenschutz\/\">Datenschutz\u00a0<\/a> \u00a0<a href=\"https:\/\/sturm-feuerschutz.de\/agb\/\"> AGB<\/a><\/span><\/strong><\/span><\/h4>\n<p>[\/et_pb_blurb][\/et_pb_column][\/et_pb_row][\/et_pb_section]<\/p>\n","protected":false},"excerpt":{"rendered":"<p>Dieses Jahr planen wir einen &#8222;etwas anderen&#8220; Betriebsausflug &#8211; lasst euch \u00fcberraschen! Termin: Ein Freitag im Oktober.Damit wir alles planen k\u00f6nnen, brauchen wir bitte bis sp\u00e4testens 10.05.2026 Eure R\u00fcckmeldung, ob ihr dabei seid. \u00a0Meldet Euch hier mit Eurem Firmenaccount an.\n<div class=\"wpcf7 no-js\" id=\"wpcf7-f180-o2\" lang=\"de-DE\" dir=\"ltr\" data-wpcf7-id=\"180\">\n<div class=\"screen-reader-response\"><p role=\"status\" aria-live=\"polite\" aria-atomic=\"true\"><\/p> <ul><\/ul><\/div>\n<form action=\"\/index.php?rest_route=%2Fwp%2Fv2%2Fpages%2F88#wpcf7-f180-o2\" method=\"post\" class=\"wpcf7-form init\" aria-label=\"Kontaktformular\" novalidate=\"novalidate\" data-status=\"init\">\n<fieldset class=\"hidden-fields-container\"><input type=\"hidden\" name=\"_wpcf7\" value=\"180\" \/><input type=\"hidden\" name=\"_wpcf7_version\" value=\"6.1.5\" \/><input type=\"hidden\" name=\"_wpcf7_locale\" value=\"de_DE\" \/><input type=\"hidden\" name=\"_wpcf7_unit_tag\" value=\"wpcf7-f180-o2\" \/><input type=\"hidden\" name=\"_wpcf7_container_post\" value=\"0\" \/><input type=\"hidden\" name=\"_wpcf7_posted_data_hash\" value=\"\" \/>\n<\/fieldset>\n<p><label> Deine E-Mail-Adresse<br \/>\n<span class=\"wpcf7-form-control-wrap\" data-name=\"your-email\"><input size=\"40\" maxlength=\"400\" class=\"wpcf7-form-control wpcf7-email wpcf7-validates-as-required wpcf7-text wpcf7-validates-as-email\" autocomplete=\"email\" aria-required=\"true\" aria-invalid=\"false\" value=\"\" type=\"email\" name=\"your-email\" \/><\/span> <\/label>\n<\/p>\n<p><label> Passwort<br \/>\n<span class=\"wpcf7-form-control-wrap\" data-name=\"password\"><input size=\"40\" class=\"wpcf7-form-control wpcf7-password wpcf7-validates-as-required wpcf7-text wpcf7-validates-as-password\" password_strength=\"0\" aria-required=\"true\" aria-invalid=\"false\" value=\"\" type=\"password\" name=\"password\" \/><span style=\"position: relative; margin-left: -30px;\"  id=\"buttonEye-password\" class=\"fa fa-eye-slash\" onclick=\"pushHideButton('password')\"><\/span><\/span> <\/label>\n<\/p>\n<p><input class=\"wpcf7-form-control wpcf7-submit has-spinner\" type=\"submit\" value=\"Senden\" \/>\n<\/p><div class=\"wpcf7-response-output\" aria-hidden=\"true\"><\/div>\n<\/form>\n<\/div>\n\u00a9 2026 Sturm Feuerschutz GmbH\u00a0 \u00a0 \u00a0 \u00a0 \u00a0 \u00a0 \u00a0 \u00a0 \u00a0 \u00a0 [&hellip;]<\/p>\n","protected":false},"author":1,"featured_media":0,"parent":0,"menu_order":0,"comment_status":"closed","ping_status":"closed","template":"","meta":{"_et_pb_use_builder":"on","_et_pb_old_content":"","_et_gb_content_width":"2880","footnotes":""},"class_list":["post-88","page","type-page","status-publish","hentry"],"_links":{"self":[{"href":"https:\/\/sturm-feuerschutz.com\/index.php?rest_route=\/wp\/v2\/pages\/88","targetHints":{"allow":["GET"]}}],"collection":[{"href":"https:\/\/sturm-feuerschutz.com\/index.php?rest_route=\/wp\/v2\/pages"}],"about":[{"href":"https:\/\/sturm-feuerschutz.com\/index.php?rest_route=\/wp\/v2\/types\/page"}],"author":[{"embeddable":true,"href":"https:\/\/sturm-feuerschutz.com\/index.php?rest_route=\/wp\/v2\/users\/1"}],"replies":[{"embeddable":true,"href":"https:\/\/sturm-feuerschutz.com\/index.php?rest_route=%2Fwp%2Fv2%2Fcomments&post=88"}],"version-history":[{"count":94,"href":"https:\/\/sturm-feuerschutz.com\/index.php?rest_route=\/wp\/v2\/pages\/88\/revisions"}],"predecessor-version":[{"id":301,"href":"https:\/\/sturm-feuerschutz.com\/index.php?rest_route=\/wp\/v2\/pages\/88\/revisions\/301"}],"wp:attachment":[{"href":"https:\/\/sturm-feuerschutz.com\/index.php?rest_route=%2Fwp%2Fv2%2Fmedia&parent=88"}],"curies":[{"name":"wp","href":"https:\/\/api.w.org\/{rel}","templated":true}]}}